{"id":1226,"date":"2023-06-28T22:16:59","date_gmt":"2023-06-28T22:16:59","guid":{"rendered":"https:\/\/rubenrodriguez.info\/?page_id=1226"},"modified":"2023-06-28T22:19:24","modified_gmt":"2023-06-28T22:19:24","slug":"el-diseno-como-expresion-artistica","status":"publish","type":"page","link":"https:\/\/rubenrodriguez.info\/index.php\/el-diseno-como-expresion-artistica\/","title":{"rendered":"El dise\u00f1o como expresi\u00f3n art\u00edstica"},"content":{"rendered":"\t\t<div data-elementor-type=\"wp-page\" data-elementor-id=\"1226\" class=\"elementor elementor-1226\">\n\t\t\t\t\t\t\t\t\t<section class=\"elementor-section elementor-top-section elementor-element elementor-element-05ab39f elementor-section-boxed elementor-section-height-default elementor-section-height-default\" data-id=\"05ab39f\" data-element_type=\"section\">\n\t\t\t\t\t\t<div class=\"elementor-container elementor-column-gap-default\">\n\t\t\t\t\t<div class=\"elementor-column elementor-col-100 elementor-top-column elementor-element elementor-element-ce7d01d\" data-id=\"ce7d01d\" data-element_type=\"column\">\n\t\t\t<div class=\"elementor-widget-wrap elementor-element-populated\">\n\t\t\t\t\t\t\t\t<div class=\"elementor-element elementor-element-597e10c elementor-widget-divider--view-line elementor-widget elementor-widget-divider\" data-id=\"597e10c\" data-element_type=\"widget\" data-widget_type=\"divider.default\">\n\t\t\t\t<div class=\"elementor-widget-container\">\n\t\t\t<style>\/*! elementor - v3.14.0 - 26-06-2023 *\/\n.elementor-widget-divider{--divider-border-style:none;--divider-border-width:1px;--divider-color:#0c0d0e;--divider-icon-size:20px;--divider-element-spacing:10px;--divider-pattern-height:24px;--divider-pattern-size:20px;--divider-pattern-url:none;--divider-pattern-repeat:repeat-x}.elementor-widget-divider .elementor-divider{display:flex}.elementor-widget-divider .elementor-divider__text{font-size:15px;line-height:1;max-width:95%}.elementor-widget-divider .elementor-divider__element{margin:0 var(--divider-element-spacing);flex-shrink:0}.elementor-widget-divider .elementor-icon{font-size:var(--divider-icon-size)}.elementor-widget-divider .elementor-divider-separator{display:flex;margin:0;direction:ltr}.elementor-widget-divider--view-line_icon .elementor-divider-separator,.elementor-widget-divider--view-line_text .elementor-divider-separator{align-items:center}.elementor-widget-divider--view-line_icon .elementor-divider-separator:after,.elementor-widget-divider--view-line_icon .elementor-divider-separator:before,.elementor-widget-divider--view-line_text .elementor-divider-separator:after,.elementor-widget-divider--view-line_text .elementor-divider-separator:before{display:block;content:\"\";border-bottom:0;flex-grow:1;border-top:var(--divider-border-width) var(--divider-border-style) var(--divider-color)}.elementor-widget-divider--element-align-left .elementor-divider .elementor-divider-separator>.elementor-divider__svg:first-of-type{flex-grow:0;flex-shrink:100}.elementor-widget-divider--element-align-left .elementor-divider-separator:before{content:none}.elementor-widget-divider--element-align-left .elementor-divider__element{margin-left:0}.elementor-widget-divider--element-align-right .elementor-divider .elementor-divider-separator>.elementor-divider__svg:last-of-type{flex-grow:0;flex-shrink:100}.elementor-widget-divider--element-align-right .elementor-divider-separator:after{content:none}.elementor-widget-divider--element-align-right .elementor-divider__element{margin-right:0}.elementor-widget-divider:not(.elementor-widget-divider--view-line_text):not(.elementor-widget-divider--view-line_icon) .elementor-divider-separator{border-top:var(--divider-border-width) var(--divider-border-style) var(--divider-color)}.elementor-widget-divider--separator-type-pattern{--divider-border-style:none}.elementor-widget-divider--separator-type-pattern.elementor-widget-divider--view-line .elementor-divider-separator,.elementor-widget-divider--separator-type-pattern:not(.elementor-widget-divider--view-line) .elementor-divider-separator:after,.elementor-widget-divider--separator-type-pattern:not(.elementor-widget-divider--view-line) .elementor-divider-separator:before,.elementor-widget-divider--separator-type-pattern:not([class*=elementor-widget-divider--view]) .elementor-divider-separator{width:100%;min-height:var(--divider-pattern-height);-webkit-mask-size:var(--divider-pattern-size) 100%;mask-size:var(--divider-pattern-size) 100%;-webkit-mask-repeat:var(--divider-pattern-repeat);mask-repeat:var(--divider-pattern-repeat);background-color:var(--divider-color);-webkit-mask-image:var(--divider-pattern-url);mask-image:var(--divider-pattern-url)}.elementor-widget-divider--no-spacing{--divider-pattern-size:auto}.elementor-widget-divider--bg-round{--divider-pattern-repeat:round}.rtl .elementor-widget-divider .elementor-divider__text{direction:rtl}.e-con-inner>.elementor-widget-divider,.e-con>.elementor-widget-divider{width:var(--container-widget-width,100%);--flex-grow:var(--container-widget-flex-grow)}<\/style>\t\t<div class=\"elementor-divider\">\n\t\t\t<span class=\"elementor-divider-separator\">\n\t\t\t\t\t\t<\/span>\n\t\t<\/div>\n\t\t\t\t<\/div>\n\t\t\t\t<\/div>\n\t\t\t\t<div class=\"elementor-element elementor-element-7ef6fdd elementor-widget elementor-widget-spacer\" data-id=\"7ef6fdd\" data-element_type=\"widget\" data-widget_type=\"spacer.default\">\n\t\t\t\t<div class=\"elementor-widget-container\">\n\t\t\t<style>\/*! elementor - v3.14.0 - 26-06-2023 *\/\n.elementor-column .elementor-spacer-inner{height:var(--spacer-size)}.e-con{--container-widget-width:100%}.e-con-inner>.elementor-widget-spacer,.e-con>.elementor-widget-spacer{width:var(--container-widget-width,var(--spacer-size));--align-self:var(--container-widget-align-self,initial);--flex-shrink:0}.e-con-inner>.elementor-widget-spacer>.elementor-widget-container,.e-con-inner>.elementor-widget-spacer>.elementor-widget-container>.elementor-spacer,.e-con>.elementor-widget-spacer>.elementor-widget-container,.e-con>.elementor-widget-spacer>.elementor-widget-container>.elementor-spacer{height:100%}.e-con-inner>.elementor-widget-spacer>.elementor-widget-container>.elementor-spacer>.elementor-spacer-inner,.e-con>.elementor-widget-spacer>.elementor-widget-container>.elementor-spacer>.elementor-spacer-inner{height:var(--container-widget-height,var(--spacer-size))}<\/style>\t\t<div class=\"elementor-spacer\">\n\t\t\t<div class=\"elementor-spacer-inner\"><\/div>\n\t\t<\/div>\n\t\t\t\t<\/div>\n\t\t\t\t<\/div>\n\t\t\t\t<div class=\"elementor-element elementor-element-25d2a83 elementor-widget elementor-widget-text-editor\" data-id=\"25d2a83\" data-element_type=\"widget\" data-widget_type=\"text-editor.default\">\n\t\t\t\t<div class=\"elementor-widget-container\">\n\t\t\t<style>\/*! elementor - v3.14.0 - 26-06-2023 *\/\n.elementor-widget-text-editor.elementor-drop-cap-view-stacked .elementor-drop-cap{background-color:#69727d;color:#fff}.elementor-widget-text-editor.elementor-drop-cap-view-framed .elementor-drop-cap{color:#69727d;border:3px solid;background-color:transparent}.elementor-widget-text-editor:not(.elementor-drop-cap-view-default) .elementor-drop-cap{margin-top:8px}.elementor-widget-text-editor:not(.elementor-drop-cap-view-default) .elementor-drop-cap-letter{width:1em;height:1em}.elementor-widget-text-editor .elementor-drop-cap{float:left;text-align:center;line-height:1;font-size:50px}.elementor-widget-text-editor .elementor-drop-cap-letter{display:inline-block}<\/style>\t\t\t\t<p><strong>EL DISEN\u0303O COMO EXPRESIO\u0301N ARTI\u0301STICA<\/strong><\/p><p>\u00a9 Dennys Matos. 2019<\/p><p>Desde hace un tiempo el Kendall Art Center ha estado desarrollando una interesante labor de recuperacio\u0301n en torno a la produccio\u0301n de la comunidad arti\u0301stica cubana, fundamentalmente, de la ciudad de Miami. Desde su fundacio\u0301n en 2016, ha realizado unas 30 exhibiciones entre colectivas e individuales, adema\u0301s de acoger presentaciones de publicaciones con motivo de las muestras y, tambie\u0301n conciertos de mu\u0301sica. Es una labor constante a trave\u0301s de un intenso programa de exposiciones. Muchas de ellas, han puesto en valor las obras de reconocidos artistas, juntos a otros de menor trayectoria, mostrando y relacionando creativamente sus trabajos ma\u0301s recientes.<\/p><p>Entre una copiosa lista de exposiciones se pueden citar, por ejemplo, \u201cAcross Time: Cuban Abstractions\u201d (2018), curada por Janet Batet, \u201cArtists in Purgatory\u201d (2017), curada por Aldo Mene\u0301ndez, Henry Ballate e Ivonne Ferrer. La primera, \u201cAcross Time (&#8230;)\u201d planteaba las conexiones muy curiosas entre un histo\u0301rico de la abstraccio\u0301n (geome\u0301trica) cubana, Pedro de Oraa\u0301 (La Habana, 1931), con artistas abstractos ma\u0301s jo\u0301venes como Jose\u0301 Villa (Santiago de Cuba, 1950) y Pedro Avila Gendis (Camagu\u0308ey, Cuba, 1959). La segunda, \u201cArtists in Purgatory\u201d, poni\u0301a en perspectiva a un grupo muy importante de la dia\u0301spora arti\u0301stica cubana que tuvo lugar a principio de los an\u0303os 1990. Un grupo que luego de \u201ctrotar\u201d por medio mundo entre Me\u0301xico, Venezuela y Espan\u0303a ha recalado en la ciudad de Miami donde ahora tiene un nu\u0301cleo muy importante de formidable potencial arti\u0301stico. Viene en camino una exposicio\u0301n que promete ser una joyita: \u201cWomen Artist in the Rodri\u0301guez Collection. Sandra Ramos, Ana Albertina y Nereida Garci\u0301a Ferraz\u201d.<\/p><p>\u201cSex, Design, Metonymy: Rube\u0301n Rodri\u0301guez, Ivonne Ferrer y Jorge Rodri\u0301guez Diez (R10)\u201d forma parte de este a\u0301gil y variado modelo expositivo. Esta muestra que puede verse ahora, articula en realidad tres exposiciones individuales de cada uno de los artistas que la conforman. Independientemente de las especificidades poe\u0301ticas, y las diferencias discursivas en las obras de los artistas reunidos hay, sin embargo, un elemento que los aglutina a todos: la conciencia del disen\u0303o como herramienta expresiva de las obras. Para Aldo Mene\u0301ndez, curador de este conjunto de exposiciones \u201ctodas las expresiones esta\u0301n muy bien disen\u0303adas: las de Rube\u0301n Rodri\u0301guez (Santa Clara), pendientes del ritmo, de movimientos casi coreogra\u0301ficos del cuerpo humano, y en el otro extremo Jorge Rodri\u0301guez Diez (R10), (La Habana), con el disen\u0303o de carteles, publicidad del consumidor, sus formas y mensajes escritos. Mientras que Ivonne Ferrer (La Habana), redisen\u0303a entornos y personajes utilizando un gran banco de ima\u0301genes gra\u0301ficas para construir sus alegori\u0301as, sus meta\u0301foras\u201d.<\/p><p>Ciertamente resulta muy sugestiva la relacio\u0301n de las obras de estos tres artistas porque, adema\u0301s del disen\u0303o como herramienta poe\u0301tica, (en uno ma\u0301s presente que otros), la narracio\u0301n tiene un peso importante en sus respectivas proyecciones discursivas. Sobre todo en Ferrer y Rodri\u0301guez Diez, que es donde las artes gra\u0301ficas tienen un mayor protagonismo. Ambos asumen la poe\u0301tica neo figurativa, aunque con sus matices. La primera, fusionando todo un cata\u0301logo de iconografi\u0301as inspirado en la historia y los modos de representacio\u0301n de la imagen en la cultura visual del siglo XX.<\/p><p>De ahi\u0301 el empleo de te\u0301cnica mixta, donde el collage destaca, pero tambie\u0301n las texturas que logra en las telas. Esa textura, con fondos de rico colorido, como entre otras Expedicio\u0301n a Negret o La Marca rescatada (ambas de 2019) que simula la impresio\u0301n de los grabados, o de las ediciones masivas del co\u0301mic, donde la tinta sobre el papel mostraba las imperfecciones. En Rodri\u0301guez Diez, el fondo se hace plano y monocroma\u0301tico. Planos tambie\u0301n son los colores sobre los que se recortan las figuras. Hay un e\u0301nfasis en el cara\u0301cter comunicacional de la imagen. Algo que resalta en obras como, entre otras, Untitled, 2016 y De la Serie Guardianes. Sin ti\u0301tulo, 2018. Ima\u0301genes en las que normalmente aparecen personas desarrollando una actividad (laboral). Es una pintura, cuyo mensaje resalta un llamado a la accio\u0301n, y que guarda mucha relacio\u0301n con el espi\u0301ritu y la este\u0301tica del arte producido en las primeras de\u0301cadas de la revolucio\u0301n.<\/p><p>Rube\u0301n Rodri\u0301guez, en cambio, se enfoca en el cuerpo humano desenvuelto dentro de una figuracio\u0301n que explota el dibujo de rai\u0301z surrealista. Por lo que es una figuracio\u0301n que apela a lo li\u0301rico en su narracio\u0301n, con ecos que a veces recuerdan la obra de Servando Cabrera Moreno. \u201cSex, Design, Metonymy: Rube\u0301n Rodri\u0301guez, Ivonne Ferrer y Jorge Rodri\u0301guez Diez (R10)\u201d. Es adema\u0301s una buena oportunidad para ver la obra reciente de tres artistas pertenecientes a distintas generaciones del arte cubano contempora\u0301neo.<\/p>\t\t\t\t\t\t<\/div>\n\t\t\t\t<\/div>\n\t\t\t\t<div class=\"elementor-element elementor-element-8ca3465 elementor-widget elementor-widget-spacer\" data-id=\"8ca3465\" data-element_type=\"widget\" data-widget_type=\"spacer.default\">\n\t\t\t\t<div class=\"elementor-widget-container\">\n\t\t\t\t\t<div class=\"elementor-spacer\">\n\t\t\t<div class=\"elementor-spacer-inner\"><\/div>\n\t\t<\/div>\n\t\t\t\t<\/div>\n\t\t\t\t<\/div>\n\t\t\t\t\t<\/div>\n\t\t<\/div>\n\t\t\t\t\t\t\t<\/div>\n\t\t<\/section>\n\t\t\t\t\t\t\t<\/div>\n\t\t","protected":false},"excerpt":{"rendered":"<p>EL DISEN\u0303O COMO EXPRESIO\u0301N ARTI\u0301STICA \u00a9 Dennys Matos. 2019 Desde hace un tiempo el Kendall Art Center ha estado desarrollando una interesante labor de recuperacio\u0301n en torno a la produccio\u0301n de la comunidad arti\u0301stica cubana, fundamentalmente, de la ciudad de Miami. Desde su fundacio\u0301n en 2016, ha realizado unas 30 exhibiciones entre colectivas e individuales, [&hellip;]<\/p>\n","protected":false},"author":1,"featured_media":1132,"parent":0,"menu_order":0,"comment_status":"closed","ping_status":"closed","template":"","meta":{"_monsterinsights_skip_tracking":false,"_monsterinsights_sitenote_active":false,"_monsterinsights_sitenote_note":"","_monsterinsights_sitenote_category":0,"footnotes":""},"yoast_head":"<!-- This site is optimized with the Yoast SEO plugin v21.8 - https:\/\/yoast.com\/wordpress\/plugins\/seo\/ -->\n<title>El dise\u00f1o como expresi\u00f3n art\u00edstica - Ruben Rodriguez<\/title>\n<meta name=\"description\" content=\"Desde hace un tiempo el Kendall Art Center ha estado desarrollando una interesante labor de recuperaci\u00f3n en torno a la producci\u00f3n de la comunidad art\u00edstica cubana, fundamentalmente, de la ciudad de Miami...\" \/>\n<meta name=\"robots\" content=\"index, follow, max-snippet:-1, max-image-preview:large, max-video-preview:-1\" \/>\n<link rel=\"canonical\" href=\"https:\/\/rubenrodriguez.info\/index.php\/el-diseno-como-expresion-artistica\/\" \/>\n<meta property=\"og:locale\" content=\"en_US\" \/>\n<meta property=\"og:type\" content=\"article\" \/>\n<meta property=\"og:title\" content=\"El dise\u00f1o como expresi\u00f3n art\u00edstica - Ruben Rodriguez\" \/>\n<meta property=\"og:description\" content=\"Desde hace un tiempo el Kendall Art Center ha estado desarrollando una interesante labor de recuperaci\u00f3n en torno a la producci\u00f3n de la comunidad art\u00edstica cubana, fundamentalmente, de la ciudad de Miami...\" \/>\n<meta property=\"og:url\" content=\"https:\/\/rubenrodriguez.info\/index.php\/el-diseno-como-expresion-artistica\/\" \/>\n<meta property=\"og:site_name\" content=\"Ruben Rodriguez\" \/>\n<meta property=\"article:modified_time\" content=\"2023-06-28T22:19:24+00:00\" \/>\n<meta property=\"og:image\" content=\"http:\/\/rubenrodriguez.info\/wp-content\/uploads\/2023\/06\/ruben-rodriguez-cuban-artist-08.jpg\" \/>\n\t<meta property=\"og:image:width\" content=\"900\" \/>\n\t<meta property=\"og:image:height\" content=\"680\" \/>\n\t<meta property=\"og:image:type\" content=\"image\/jpeg\" \/>\n<meta name=\"twitter:card\" content=\"summary_large_image\" \/>\n<meta name=\"twitter:label1\" content=\"Est. reading time\" \/>\n\t<meta name=\"twitter:data1\" content=\"4 minutes\" \/>\n<script type=\"application\/ld+json\" class=\"yoast-schema-graph\">{\"@context\":\"https:\/\/schema.org\",\"@graph\":[{\"@type\":\"WebPage\",\"@id\":\"https:\/\/rubenrodriguez.info\/index.php\/el-diseno-como-expresion-artistica\/\",\"url\":\"https:\/\/rubenrodriguez.info\/index.php\/el-diseno-como-expresion-artistica\/\",\"name\":\"El dise\u00f1o como expresi\u00f3n art\u00edstica - Ruben Rodriguez\",\"isPartOf\":{\"@id\":\"https:\/\/rubenrodriguez.info\/#website\"},\"datePublished\":\"2023-06-28T22:16:59+00:00\",\"dateModified\":\"2023-06-28T22:19:24+00:00\",\"description\":\"Desde hace un tiempo el Kendall Art Center ha estado desarrollando una interesante labor de recuperaci\u00f3n en torno a la producci\u00f3n de la comunidad art\u00edstica cubana, fundamentalmente, de la ciudad de Miami...\",\"breadcrumb\":{\"@id\":\"https:\/\/rubenrodriguez.info\/index.php\/el-diseno-como-expresion-artistica\/#breadcrumb\"},\"inLanguage\":\"en-US\",\"potentialAction\":[{\"@type\":\"ReadAction\",\"target\":[\"https:\/\/rubenrodriguez.info\/index.php\/el-diseno-como-expresion-artistica\/\"]}]},{\"@type\":\"BreadcrumbList\",\"@id\":\"https:\/\/rubenrodriguez.info\/index.php\/el-diseno-como-expresion-artistica\/#breadcrumb\",\"itemListElement\":[{\"@type\":\"ListItem\",\"position\":1,\"name\":\"Home\",\"item\":\"https:\/\/rubenrodriguez.info\/\"},{\"@type\":\"ListItem\",\"position\":2,\"name\":\"El dise\u00f1o como expresi\u00f3n art\u00edstica\"}]},{\"@type\":\"WebSite\",\"@id\":\"https:\/\/rubenrodriguez.info\/#website\",\"url\":\"https:\/\/rubenrodriguez.info\/\",\"name\":\"Ruben Rodriguez\",\"description\":\"Cuban Visual Artist\",\"publisher\":{\"@id\":\"https:\/\/rubenrodriguez.info\/#organization\"},\"potentialAction\":[{\"@type\":\"SearchAction\",\"target\":{\"@type\":\"EntryPoint\",\"urlTemplate\":\"https:\/\/rubenrodriguez.info\/?s={search_term_string}\"},\"query-input\":\"required name=search_term_string\"}],\"inLanguage\":\"en-US\"},{\"@type\":\"Organization\",\"@id\":\"https:\/\/rubenrodriguez.info\/#organization\",\"name\":\"Ruben Rodriguez\",\"url\":\"https:\/\/rubenrodriguez.info\/\",\"logo\":{\"@type\":\"ImageObject\",\"inLanguage\":\"en-US\",\"@id\":\"https:\/\/rubenrodriguez.info\/#\/schema\/logo\/image\/\",\"url\":\"\",\"contentUrl\":\"\",\"caption\":\"Ruben Rodriguez\"},\"image\":{\"@id\":\"https:\/\/rubenrodriguez.info\/#\/schema\/logo\/image\/\"}}]}<\/script>\n<!-- \/ Yoast SEO plugin. -->","yoast_head_json":{"title":"El dise\u00f1o como expresi\u00f3n art\u00edstica - Ruben Rodriguez","description":"Desde hace un tiempo el Kendall Art Center ha estado desarrollando una interesante labor de recuperaci\u00f3n en torno a la producci\u00f3n de la comunidad art\u00edstica cubana, fundamentalmente, de la ciudad de Miami...","robots":{"index":"index","follow":"follow","max-snippet":"max-snippet:-1","max-image-preview":"max-image-preview:large","max-video-preview":"max-video-preview:-1"},"canonical":"https:\/\/rubenrodriguez.info\/index.php\/el-diseno-como-expresion-artistica\/","og_locale":"en_US","og_type":"article","og_title":"El dise\u00f1o como expresi\u00f3n art\u00edstica - Ruben Rodriguez","og_description":"Desde hace un tiempo el Kendall Art Center ha estado desarrollando una interesante labor de recuperaci\u00f3n en torno a la producci\u00f3n de la comunidad art\u00edstica cubana, fundamentalmente, de la ciudad de Miami...","og_url":"https:\/\/rubenrodriguez.info\/index.php\/el-diseno-como-expresion-artistica\/","og_site_name":"Ruben Rodriguez","article_modified_time":"2023-06-28T22:19:24+00:00","og_image":[{"width":900,"height":680,"url":"http:\/\/rubenrodriguez.info\/wp-content\/uploads\/2023\/06\/ruben-rodriguez-cuban-artist-08.jpg","type":"image\/jpeg"}],"twitter_card":"summary_large_image","twitter_misc":{"Est. reading time":"4 minutes"},"schema":{"@context":"https:\/\/schema.org","@graph":[{"@type":"WebPage","@id":"https:\/\/rubenrodriguez.info\/index.php\/el-diseno-como-expresion-artistica\/","url":"https:\/\/rubenrodriguez.info\/index.php\/el-diseno-como-expresion-artistica\/","name":"El dise\u00f1o como expresi\u00f3n art\u00edstica - Ruben Rodriguez","isPartOf":{"@id":"https:\/\/rubenrodriguez.info\/#website"},"datePublished":"2023-06-28T22:16:59+00:00","dateModified":"2023-06-28T22:19:24+00:00","description":"Desde hace un tiempo el Kendall Art Center ha estado desarrollando una interesante labor de recuperaci\u00f3n en torno a la producci\u00f3n de la comunidad art\u00edstica cubana, fundamentalmente, de la ciudad de Miami...","breadcrumb":{"@id":"https:\/\/rubenrodriguez.info\/index.php\/el-diseno-como-expresion-artistica\/#breadcrumb"},"inLanguage":"en-US","potentialAction":[{"@type":"ReadAction","target":["https:\/\/rubenrodriguez.info\/index.php\/el-diseno-como-expresion-artistica\/"]}]},{"@type":"BreadcrumbList","@id":"https:\/\/rubenrodriguez.info\/index.php\/el-diseno-como-expresion-artistica\/#breadcrumb","itemListElement":[{"@type":"ListItem","position":1,"name":"Home","item":"https:\/\/rubenrodriguez.info\/"},{"@type":"ListItem","position":2,"name":"El dise\u00f1o como expresi\u00f3n art\u00edstica"}]},{"@type":"WebSite","@id":"https:\/\/rubenrodriguez.info\/#website","url":"https:\/\/rubenrodriguez.info\/","name":"Ruben Rodriguez","description":"Cuban Visual Artist","publisher":{"@id":"https:\/\/rubenrodriguez.info\/#organization"},"potentialAction":[{"@type":"SearchAction","target":{"@type":"EntryPoint","urlTemplate":"https:\/\/rubenrodriguez.info\/?s={search_term_string}"},"query-input":"required name=search_term_string"}],"inLanguage":"en-US"},{"@type":"Organization","@id":"https:\/\/rubenrodriguez.info\/#organization","name":"Ruben Rodriguez","url":"https:\/\/rubenrodriguez.info\/","logo":{"@type":"ImageObject","inLanguage":"en-US","@id":"https:\/\/rubenrodriguez.info\/#\/schema\/logo\/image\/","url":"","contentUrl":"","caption":"Ruben Rodriguez"},"image":{"@id":"https:\/\/rubenrodriguez.info\/#\/schema\/logo\/image\/"}}]}},"acf":[],"_links":{"self":[{"href":"https:\/\/rubenrodriguez.info\/index.php\/wp-json\/wp\/v2\/pages\/1226"}],"collection":[{"href":"https:\/\/rubenrodriguez.info\/index.php\/wp-json\/wp\/v2\/pages"}],"about":[{"href":"https:\/\/rubenrodriguez.info\/index.php\/wp-json\/wp\/v2\/types\/page"}],"author":[{"embeddable":true,"href":"https:\/\/rubenrodriguez.info\/index.php\/wp-json\/wp\/v2\/users\/1"}],"replies":[{"embeddable":true,"href":"https:\/\/rubenrodriguez.info\/index.php\/wp-json\/wp\/v2\/comments?post=1226"}],"version-history":[{"count":4,"href":"https:\/\/rubenrodriguez.info\/index.php\/wp-json\/wp\/v2\/pages\/1226\/revisions"}],"predecessor-version":[{"id":1231,"href":"https:\/\/rubenrodriguez.info\/index.php\/wp-json\/wp\/v2\/pages\/1226\/revisions\/1231"}],"wp:featuredmedia":[{"embeddable":true,"href":"https:\/\/rubenrodriguez.info\/index.php\/wp-json\/wp\/v2\/media\/1132"}],"wp:attachment":[{"href":"https:\/\/rubenrodriguez.info\/index.php\/wp-json\/wp\/v2\/media?parent=1226"}],"curies":[{"name":"wp","href":"https:\/\/api.w.org\/{rel}","templated":true}]}}