{"id":1312,"date":"2023-06-29T08:42:24","date_gmt":"2023-06-29T08:42:24","guid":{"rendered":"https:\/\/rubenrodriguez.info\/?page_id=1312"},"modified":"2023-06-29T08:44:52","modified_gmt":"2023-06-29T08:44:52","slug":"el-abundante-erotismo-de-una-minima-linea","status":"publish","type":"page","link":"https:\/\/rubenrodriguez.info\/index.php\/el-abundante-erotismo-de-una-minima-linea\/","title":{"rendered":"El abundante erotismo de una m\u00ednima l\u00ednea"},"content":{"rendered":"\t\t<div data-elementor-type=\"wp-page\" data-elementor-id=\"1312\" class=\"elementor elementor-1312\">\n\t\t\t\t\t\t\t\t\t<section class=\"elementor-section elementor-top-section elementor-element elementor-element-30bf563 elementor-section-boxed elementor-section-height-default elementor-section-height-default\" data-id=\"30bf563\" data-element_type=\"section\">\n\t\t\t\t\t\t<div class=\"elementor-container elementor-column-gap-default\">\n\t\t\t\t\t<div class=\"elementor-column elementor-col-100 elementor-top-column elementor-element elementor-element-3cfb635\" data-id=\"3cfb635\" data-element_type=\"column\">\n\t\t\t<div class=\"elementor-widget-wrap elementor-element-populated\">\n\t\t\t\t\t\t\t\t<div class=\"elementor-element elementor-element-a5adb98 elementor-widget-divider--view-line elementor-widget elementor-widget-divider\" data-id=\"a5adb98\" data-element_type=\"widget\" data-widget_type=\"divider.default\">\n\t\t\t\t<div class=\"elementor-widget-container\">\n\t\t\t<style>\/*! elementor - v3.14.0 - 26-06-2023 *\/\n.elementor-widget-divider{--divider-border-style:none;--divider-border-width:1px;--divider-color:#0c0d0e;--divider-icon-size:20px;--divider-element-spacing:10px;--divider-pattern-height:24px;--divider-pattern-size:20px;--divider-pattern-url:none;--divider-pattern-repeat:repeat-x}.elementor-widget-divider .elementor-divider{display:flex}.elementor-widget-divider .elementor-divider__text{font-size:15px;line-height:1;max-width:95%}.elementor-widget-divider .elementor-divider__element{margin:0 var(--divider-element-spacing);flex-shrink:0}.elementor-widget-divider .elementor-icon{font-size:var(--divider-icon-size)}.elementor-widget-divider .elementor-divider-separator{display:flex;margin:0;direction:ltr}.elementor-widget-divider--view-line_icon .elementor-divider-separator,.elementor-widget-divider--view-line_text .elementor-divider-separator{align-items:center}.elementor-widget-divider--view-line_icon .elementor-divider-separator:after,.elementor-widget-divider--view-line_icon .elementor-divider-separator:before,.elementor-widget-divider--view-line_text .elementor-divider-separator:after,.elementor-widget-divider--view-line_text .elementor-divider-separator:before{display:block;content:\"\";border-bottom:0;flex-grow:1;border-top:var(--divider-border-width) var(--divider-border-style) var(--divider-color)}.elementor-widget-divider--element-align-left .elementor-divider .elementor-divider-separator>.elementor-divider__svg:first-of-type{flex-grow:0;flex-shrink:100}.elementor-widget-divider--element-align-left .elementor-divider-separator:before{content:none}.elementor-widget-divider--element-align-left .elementor-divider__element{margin-left:0}.elementor-widget-divider--element-align-right .elementor-divider .elementor-divider-separator>.elementor-divider__svg:last-of-type{flex-grow:0;flex-shrink:100}.elementor-widget-divider--element-align-right .elementor-divider-separator:after{content:none}.elementor-widget-divider--element-align-right .elementor-divider__element{margin-right:0}.elementor-widget-divider:not(.elementor-widget-divider--view-line_text):not(.elementor-widget-divider--view-line_icon) .elementor-divider-separator{border-top:var(--divider-border-width) var(--divider-border-style) var(--divider-color)}.elementor-widget-divider--separator-type-pattern{--divider-border-style:none}.elementor-widget-divider--separator-type-pattern.elementor-widget-divider--view-line .elementor-divider-separator,.elementor-widget-divider--separator-type-pattern:not(.elementor-widget-divider--view-line) .elementor-divider-separator:after,.elementor-widget-divider--separator-type-pattern:not(.elementor-widget-divider--view-line) .elementor-divider-separator:before,.elementor-widget-divider--separator-type-pattern:not([class*=elementor-widget-divider--view]) .elementor-divider-separator{width:100%;min-height:var(--divider-pattern-height);-webkit-mask-size:var(--divider-pattern-size) 100%;mask-size:var(--divider-pattern-size) 100%;-webkit-mask-repeat:var(--divider-pattern-repeat);mask-repeat:var(--divider-pattern-repeat);background-color:var(--divider-color);-webkit-mask-image:var(--divider-pattern-url);mask-image:var(--divider-pattern-url)}.elementor-widget-divider--no-spacing{--divider-pattern-size:auto}.elementor-widget-divider--bg-round{--divider-pattern-repeat:round}.rtl .elementor-widget-divider .elementor-divider__text{direction:rtl}.e-con-inner>.elementor-widget-divider,.e-con>.elementor-widget-divider{width:var(--container-widget-width,100%);--flex-grow:var(--container-widget-flex-grow)}<\/style>\t\t<div class=\"elementor-divider\">\n\t\t\t<span class=\"elementor-divider-separator\">\n\t\t\t\t\t\t<\/span>\n\t\t<\/div>\n\t\t\t\t<\/div>\n\t\t\t\t<\/div>\n\t\t\t\t<div class=\"elementor-element elementor-element-0f2bf12 elementor-widget elementor-widget-spacer\" data-id=\"0f2bf12\" data-element_type=\"widget\" data-widget_type=\"spacer.default\">\n\t\t\t\t<div class=\"elementor-widget-container\">\n\t\t\t<style>\/*! elementor - v3.14.0 - 26-06-2023 *\/\n.elementor-column .elementor-spacer-inner{height:var(--spacer-size)}.e-con{--container-widget-width:100%}.e-con-inner>.elementor-widget-spacer,.e-con>.elementor-widget-spacer{width:var(--container-widget-width,var(--spacer-size));--align-self:var(--container-widget-align-self,initial);--flex-shrink:0}.e-con-inner>.elementor-widget-spacer>.elementor-widget-container,.e-con-inner>.elementor-widget-spacer>.elementor-widget-container>.elementor-spacer,.e-con>.elementor-widget-spacer>.elementor-widget-container,.e-con>.elementor-widget-spacer>.elementor-widget-container>.elementor-spacer{height:100%}.e-con-inner>.elementor-widget-spacer>.elementor-widget-container>.elementor-spacer>.elementor-spacer-inner,.e-con>.elementor-widget-spacer>.elementor-widget-container>.elementor-spacer>.elementor-spacer-inner{height:var(--container-widget-height,var(--spacer-size))}<\/style>\t\t<div class=\"elementor-spacer\">\n\t\t\t<div class=\"elementor-spacer-inner\"><\/div>\n\t\t<\/div>\n\t\t\t\t<\/div>\n\t\t\t\t<\/div>\n\t\t\t\t<div class=\"elementor-element elementor-element-68ae5a9 elementor-widget elementor-widget-text-editor\" data-id=\"68ae5a9\" data-element_type=\"widget\" data-widget_type=\"text-editor.default\">\n\t\t\t\t<div class=\"elementor-widget-container\">\n\t\t\t<style>\/*! elementor - v3.14.0 - 26-06-2023 *\/\n.elementor-widget-text-editor.elementor-drop-cap-view-stacked .elementor-drop-cap{background-color:#69727d;color:#fff}.elementor-widget-text-editor.elementor-drop-cap-view-framed .elementor-drop-cap{color:#69727d;border:3px solid;background-color:transparent}.elementor-widget-text-editor:not(.elementor-drop-cap-view-default) .elementor-drop-cap{margin-top:8px}.elementor-widget-text-editor:not(.elementor-drop-cap-view-default) .elementor-drop-cap-letter{width:1em;height:1em}.elementor-widget-text-editor .elementor-drop-cap{float:left;text-align:center;line-height:1;font-size:50px}.elementor-widget-text-editor .elementor-drop-cap-letter{display:inline-block}<\/style>\t\t\t\t<p><strong>EL ABUNDANTE EROTISMO DE UNA MI\u0301NIMA LI\u0301NEA<\/strong><\/p><p>\u00a9 Andr\u00e9s D. Abreu. 2002<\/p><p>Trazar la genealogi\u0301a ero\u0301tica de la palabra &#8220;mantos&#8221; bien pudiera entenderse como un difi\u0301cil acertijo. Acudiendo a las definiciones de la lengua, se podri\u0301an hallar enlaces entre su significado como objeto para ocultar una cosa y los tabu\u0301es histo\u0301ricos que han pretendido negar la libertad del eros. En una bu\u0301squeda seriada de sino\u0301nimos, otra respuesta utilizari\u0301a su semejanza con lecho, sitio concebido cano\u0301nicamente como lugar ideal para la realizacio\u0301n del acto sexual humano.<\/p><p>Pero la verdadera respuesta ilustrada de esta relacio\u0301n esta dada en un jerogli\u0301fico formado por los veintiu\u0301n dibujos que tapian las paredes de la Galeri\u0301a Rene\u0301 Portocarrero de la sala Covarrubias del Teatro Nacional y que son obra del artista matancero Rube\u0301n Rodri\u0301guez.<\/p><p>La coleccio\u0301n de &#8220;erografi\u0301as&#8221; de este indagador del cuerpo, el sexo y sus placeres, reunidas bajo el ti\u0301tulo Mantos, le han proporcionado una robusta rai\u0301z ero\u0301tica a esta palabra en plural, adema\u0301s de constituir un tratado de expresio\u0301n voluptuosa a partir de una depurada li\u0301nea sobre un antiguo, pole\u0301mico y siempre retocado tema.<\/p><p>Los dibujos de Rube\u0301n van al centro del asunto ero\u0301tico sin regodeos en sensualismos complacientes, ni adornos de atmo\u0301sferas. Son trazos delicados o rudimentarios pero siempre precisos que vari\u0301an la intensidad del color negro sobre lechos blancos. Veintiu\u0301n pictogramas sinceros sobre lo epicu\u0301reo, donde la insistencia del gris se revela ante el vigor de superficies rojas que avanzan en la sobriedad de una incitante composicio\u0301n visual.<\/p><p>El recorrido del cuerpo, en un transformismo constante de su esbozo y con el destaque de la mordaz simbologi\u0301a genital y orga\u0301smica abre en estas obras infinitas posibilidades de acercamiento a la fusio\u0301n del ser humano en busca de un goce que se eleva por encima de lo carnal a planos este\u0301ticos.<\/p><p>Las figuras de Rodri\u0301guez esta\u0301n despojadas de todo lo fu\u0301til que se le ha adicionado en siglos a lo ero\u0301tico para disfrazarlo ante la censura, y se estructuran desde un estilo y una este\u0301tica de decantacio\u0301n hacia lo minimalista altamente provocativo. Por eso tal vez nunca antes una porcio\u0301n de li\u0301nea estuvo dotada de tanta insinuacio\u0301n.<\/p><p>Despue\u0301s de disfrutar la estilizacio\u0301n de Mantos solo queda para las ilustraciones del Kamasutra, el sentido histo\u0301rico de su atrevimiento.<\/p>\t\t\t\t\t\t<\/div>\n\t\t\t\t<\/div>\n\t\t\t\t<div class=\"elementor-element elementor-element-b54ece0 elementor-widget elementor-widget-spacer\" data-id=\"b54ece0\" data-element_type=\"widget\" data-widget_type=\"spacer.default\">\n\t\t\t\t<div class=\"elementor-widget-container\">\n\t\t\t\t\t<div class=\"elementor-spacer\">\n\t\t\t<div class=\"elementor-spacer-inner\"><\/div>\n\t\t<\/div>\n\t\t\t\t<\/div>\n\t\t\t\t<\/div>\n\t\t\t\t\t<\/div>\n\t\t<\/div>\n\t\t\t\t\t\t\t<\/div>\n\t\t<\/section>\n\t\t\t\t\t\t\t<\/div>\n\t\t","protected":false},"excerpt":{"rendered":"<p>EL ABUNDANTE EROTISMO DE UNA MI\u0301NIMA LI\u0301NEA \u00a9 Andr\u00e9s D. Abreu. 2002 Trazar la genealogi\u0301a ero\u0301tica de la palabra &#8220;mantos&#8221; bien pudiera entenderse como un difi\u0301cil acertijo. Acudiendo a las definiciones de la lengua, se podri\u0301an hallar enlaces entre su significado como objeto para ocultar una cosa y los tabu\u0301es histo\u0301ricos que han pretendido negar [&hellip;]<\/p>\n","protected":false},"author":1,"featured_media":1171,"parent":0,"menu_order":0,"comment_status":"closed","ping_status":"closed","template":"","meta":{"_monsterinsights_skip_tracking":false,"_monsterinsights_sitenote_active":false,"_monsterinsights_sitenote_note":"","_monsterinsights_sitenote_category":0,"footnotes":""},"yoast_head":"<!-- This site is optimized with the Yoast SEO plugin v21.8 - https:\/\/yoast.com\/wordpress\/plugins\/seo\/ -->\n<title>El abundante erotismo de una m\u00ednima l\u00ednea - Ruben Rodriguez<\/title>\n<meta name=\"description\" content=\"Trazar la genealog\u00eda er\u00f3tica de la palabra &quot;mantos&quot; bien pudiera entenderse como un dif\u00edcil acertijo. Acudiendo a las definiciones de la lengua...\" \/>\n<meta name=\"robots\" content=\"index, follow, max-snippet:-1, max-image-preview:large, max-video-preview:-1\" \/>\n<link rel=\"canonical\" href=\"https:\/\/rubenrodriguez.info\/index.php\/el-abundante-erotismo-de-una-minima-linea\/\" \/>\n<meta property=\"og:locale\" content=\"en_US\" \/>\n<meta property=\"og:type\" content=\"article\" \/>\n<meta property=\"og:title\" content=\"El abundante erotismo de una m\u00ednima l\u00ednea - Ruben Rodriguez\" \/>\n<meta property=\"og:description\" content=\"Trazar la genealog\u00eda er\u00f3tica de la palabra &quot;mantos&quot; bien pudiera entenderse como un dif\u00edcil acertijo. Acudiendo a las definiciones de la lengua...\" \/>\n<meta property=\"og:url\" content=\"https:\/\/rubenrodriguez.info\/index.php\/el-abundante-erotismo-de-una-minima-linea\/\" \/>\n<meta property=\"og:site_name\" content=\"Ruben Rodriguez\" \/>\n<meta property=\"article:modified_time\" content=\"2023-06-29T08:44:52+00:00\" \/>\n<meta property=\"og:image\" content=\"http:\/\/rubenrodriguez.info\/wp-content\/uploads\/2023\/06\/ruben-rodriguez-cuban-artist-021.jpg\" \/>\n\t<meta property=\"og:image:width\" content=\"900\" \/>\n\t<meta property=\"og:image:height\" content=\"680\" \/>\n\t<meta property=\"og:image:type\" content=\"image\/jpeg\" \/>\n<meta name=\"twitter:card\" content=\"summary_large_image\" \/>\n<meta name=\"twitter:label1\" content=\"Est. reading time\" \/>\n\t<meta name=\"twitter:data1\" content=\"2 minutes\" \/>\n<script type=\"application\/ld+json\" class=\"yoast-schema-graph\">{\"@context\":\"https:\/\/schema.org\",\"@graph\":[{\"@type\":\"WebPage\",\"@id\":\"https:\/\/rubenrodriguez.info\/index.php\/el-abundante-erotismo-de-una-minima-linea\/\",\"url\":\"https:\/\/rubenrodriguez.info\/index.php\/el-abundante-erotismo-de-una-minima-linea\/\",\"name\":\"El abundante erotismo de una m\u00ednima l\u00ednea - Ruben Rodriguez\",\"isPartOf\":{\"@id\":\"https:\/\/rubenrodriguez.info\/#website\"},\"datePublished\":\"2023-06-29T08:42:24+00:00\",\"dateModified\":\"2023-06-29T08:44:52+00:00\",\"description\":\"Trazar la genealog\u00eda er\u00f3tica de la palabra \\\"mantos\\\" bien pudiera entenderse como un dif\u00edcil acertijo. Acudiendo a las definiciones de la lengua...\",\"breadcrumb\":{\"@id\":\"https:\/\/rubenrodriguez.info\/index.php\/el-abundante-erotismo-de-una-minima-linea\/#breadcrumb\"},\"inLanguage\":\"en-US\",\"potentialAction\":[{\"@type\":\"ReadAction\",\"target\":[\"https:\/\/rubenrodriguez.info\/index.php\/el-abundante-erotismo-de-una-minima-linea\/\"]}]},{\"@type\":\"BreadcrumbList\",\"@id\":\"https:\/\/rubenrodriguez.info\/index.php\/el-abundante-erotismo-de-una-minima-linea\/#breadcrumb\",\"itemListElement\":[{\"@type\":\"ListItem\",\"position\":1,\"name\":\"Home\",\"item\":\"https:\/\/rubenrodriguez.info\/\"},{\"@type\":\"ListItem\",\"position\":2,\"name\":\"El abundante erotismo de una m\u00ednima l\u00ednea\"}]},{\"@type\":\"WebSite\",\"@id\":\"https:\/\/rubenrodriguez.info\/#website\",\"url\":\"https:\/\/rubenrodriguez.info\/\",\"name\":\"Ruben Rodriguez\",\"description\":\"Cuban Visual Artist\",\"publisher\":{\"@id\":\"https:\/\/rubenrodriguez.info\/#organization\"},\"potentialAction\":[{\"@type\":\"SearchAction\",\"target\":{\"@type\":\"EntryPoint\",\"urlTemplate\":\"https:\/\/rubenrodriguez.info\/?s={search_term_string}\"},\"query-input\":\"required name=search_term_string\"}],\"inLanguage\":\"en-US\"},{\"@type\":\"Organization\",\"@id\":\"https:\/\/rubenrodriguez.info\/#organization\",\"name\":\"Ruben Rodriguez\",\"url\":\"https:\/\/rubenrodriguez.info\/\",\"logo\":{\"@type\":\"ImageObject\",\"inLanguage\":\"en-US\",\"@id\":\"https:\/\/rubenrodriguez.info\/#\/schema\/logo\/image\/\",\"url\":\"\",\"contentUrl\":\"\",\"caption\":\"Ruben Rodriguez\"},\"image\":{\"@id\":\"https:\/\/rubenrodriguez.info\/#\/schema\/logo\/image\/\"}}]}<\/script>\n<!-- \/ Yoast SEO plugin. -->","yoast_head_json":{"title":"El abundante erotismo de una m\u00ednima l\u00ednea - Ruben Rodriguez","description":"Trazar la genealog\u00eda er\u00f3tica de la palabra \"mantos\" bien pudiera entenderse como un dif\u00edcil acertijo. Acudiendo a las definiciones de la lengua...","robots":{"index":"index","follow":"follow","max-snippet":"max-snippet:-1","max-image-preview":"max-image-preview:large","max-video-preview":"max-video-preview:-1"},"canonical":"https:\/\/rubenrodriguez.info\/index.php\/el-abundante-erotismo-de-una-minima-linea\/","og_locale":"en_US","og_type":"article","og_title":"El abundante erotismo de una m\u00ednima l\u00ednea - Ruben Rodriguez","og_description":"Trazar la genealog\u00eda er\u00f3tica de la palabra \"mantos\" bien pudiera entenderse como un dif\u00edcil acertijo. Acudiendo a las definiciones de la lengua...","og_url":"https:\/\/rubenrodriguez.info\/index.php\/el-abundante-erotismo-de-una-minima-linea\/","og_site_name":"Ruben Rodriguez","article_modified_time":"2023-06-29T08:44:52+00:00","og_image":[{"width":900,"height":680,"url":"http:\/\/rubenrodriguez.info\/wp-content\/uploads\/2023\/06\/ruben-rodriguez-cuban-artist-021.jpg","type":"image\/jpeg"}],"twitter_card":"summary_large_image","twitter_misc":{"Est. reading time":"2 minutes"},"schema":{"@context":"https:\/\/schema.org","@graph":[{"@type":"WebPage","@id":"https:\/\/rubenrodriguez.info\/index.php\/el-abundante-erotismo-de-una-minima-linea\/","url":"https:\/\/rubenrodriguez.info\/index.php\/el-abundante-erotismo-de-una-minima-linea\/","name":"El abundante erotismo de una m\u00ednima l\u00ednea - Ruben Rodriguez","isPartOf":{"@id":"https:\/\/rubenrodriguez.info\/#website"},"datePublished":"2023-06-29T08:42:24+00:00","dateModified":"2023-06-29T08:44:52+00:00","description":"Trazar la genealog\u00eda er\u00f3tica de la palabra \"mantos\" bien pudiera entenderse como un dif\u00edcil acertijo. Acudiendo a las definiciones de la lengua...","breadcrumb":{"@id":"https:\/\/rubenrodriguez.info\/index.php\/el-abundante-erotismo-de-una-minima-linea\/#breadcrumb"},"inLanguage":"en-US","potentialAction":[{"@type":"ReadAction","target":["https:\/\/rubenrodriguez.info\/index.php\/el-abundante-erotismo-de-una-minima-linea\/"]}]},{"@type":"BreadcrumbList","@id":"https:\/\/rubenrodriguez.info\/index.php\/el-abundante-erotismo-de-una-minima-linea\/#breadcrumb","itemListElement":[{"@type":"ListItem","position":1,"name":"Home","item":"https:\/\/rubenrodriguez.info\/"},{"@type":"ListItem","position":2,"name":"El abundante erotismo de una m\u00ednima l\u00ednea"}]},{"@type":"WebSite","@id":"https:\/\/rubenrodriguez.info\/#website","url":"https:\/\/rubenrodriguez.info\/","name":"Ruben Rodriguez","description":"Cuban Visual Artist","publisher":{"@id":"https:\/\/rubenrodriguez.info\/#organization"},"potentialAction":[{"@type":"SearchAction","target":{"@type":"EntryPoint","urlTemplate":"https:\/\/rubenrodriguez.info\/?s={search_term_string}"},"query-input":"required name=search_term_string"}],"inLanguage":"en-US"},{"@type":"Organization","@id":"https:\/\/rubenrodriguez.info\/#organization","name":"Ruben Rodriguez","url":"https:\/\/rubenrodriguez.info\/","logo":{"@type":"ImageObject","inLanguage":"en-US","@id":"https:\/\/rubenrodriguez.info\/#\/schema\/logo\/image\/","url":"","contentUrl":"","caption":"Ruben Rodriguez"},"image":{"@id":"https:\/\/rubenrodriguez.info\/#\/schema\/logo\/image\/"}}]}},"acf":[],"_links":{"self":[{"href":"https:\/\/rubenrodriguez.info\/index.php\/wp-json\/wp\/v2\/pages\/1312"}],"collection":[{"href":"https:\/\/rubenrodriguez.info\/index.php\/wp-json\/wp\/v2\/pages"}],"about":[{"href":"https:\/\/rubenrodriguez.info\/index.php\/wp-json\/wp\/v2\/types\/page"}],"author":[{"embeddable":true,"href":"https:\/\/rubenrodriguez.info\/index.php\/wp-json\/wp\/v2\/users\/1"}],"replies":[{"embeddable":true,"href":"https:\/\/rubenrodriguez.info\/index.php\/wp-json\/wp\/v2\/comments?post=1312"}],"version-history":[{"count":4,"href":"https:\/\/rubenrodriguez.info\/index.php\/wp-json\/wp\/v2\/pages\/1312\/revisions"}],"predecessor-version":[{"id":1319,"href":"https:\/\/rubenrodriguez.info\/index.php\/wp-json\/wp\/v2\/pages\/1312\/revisions\/1319"}],"wp:featuredmedia":[{"embeddable":true,"href":"https:\/\/rubenrodriguez.info\/index.php\/wp-json\/wp\/v2\/media\/1171"}],"wp:attachment":[{"href":"https:\/\/rubenrodriguez.info\/index.php\/wp-json\/wp\/v2\/media?parent=1312"}],"curies":[{"name":"wp","href":"https:\/\/api.w.org\/{rel}","templated":true}]}}