{"id":1328,"date":"2023-06-29T08:50:50","date_gmt":"2023-06-29T08:50:50","guid":{"rendered":"https:\/\/rubenrodriguez.info\/?page_id=1328"},"modified":"2023-06-29T08:52:45","modified_gmt":"2023-06-29T08:52:45","slug":"cripta","status":"publish","type":"page","link":"https:\/\/rubenrodriguez.info\/index.php\/cripta\/","title":{"rendered":"Cripta"},"content":{"rendered":"\t\t<div data-elementor-type=\"wp-page\" data-elementor-id=\"1328\" class=\"elementor elementor-1328\">\n\t\t\t\t\t\t\t\t\t<section class=\"elementor-section elementor-top-section elementor-element elementor-element-540a695 elementor-section-boxed elementor-section-height-default elementor-section-height-default\" data-id=\"540a695\" data-element_type=\"section\">\n\t\t\t\t\t\t<div class=\"elementor-container elementor-column-gap-default\">\n\t\t\t\t\t<div class=\"elementor-column elementor-col-100 elementor-top-column elementor-element elementor-element-b3798a0\" data-id=\"b3798a0\" data-element_type=\"column\">\n\t\t\t<div class=\"elementor-widget-wrap elementor-element-populated\">\n\t\t\t\t\t\t\t\t<div class=\"elementor-element elementor-element-2f34f44 elementor-widget-divider--view-line elementor-widget elementor-widget-divider\" data-id=\"2f34f44\" data-element_type=\"widget\" data-widget_type=\"divider.default\">\n\t\t\t\t<div class=\"elementor-widget-container\">\n\t\t\t<style>\/*! elementor - v3.14.0 - 26-06-2023 *\/\n.elementor-widget-divider{--divider-border-style:none;--divider-border-width:1px;--divider-color:#0c0d0e;--divider-icon-size:20px;--divider-element-spacing:10px;--divider-pattern-height:24px;--divider-pattern-size:20px;--divider-pattern-url:none;--divider-pattern-repeat:repeat-x}.elementor-widget-divider .elementor-divider{display:flex}.elementor-widget-divider .elementor-divider__text{font-size:15px;line-height:1;max-width:95%}.elementor-widget-divider .elementor-divider__element{margin:0 var(--divider-element-spacing);flex-shrink:0}.elementor-widget-divider .elementor-icon{font-size:var(--divider-icon-size)}.elementor-widget-divider .elementor-divider-separator{display:flex;margin:0;direction:ltr}.elementor-widget-divider--view-line_icon .elementor-divider-separator,.elementor-widget-divider--view-line_text .elementor-divider-separator{align-items:center}.elementor-widget-divider--view-line_icon .elementor-divider-separator:after,.elementor-widget-divider--view-line_icon .elementor-divider-separator:before,.elementor-widget-divider--view-line_text .elementor-divider-separator:after,.elementor-widget-divider--view-line_text .elementor-divider-separator:before{display:block;content:\"\";border-bottom:0;flex-grow:1;border-top:var(--divider-border-width) var(--divider-border-style) var(--divider-color)}.elementor-widget-divider--element-align-left .elementor-divider .elementor-divider-separator>.elementor-divider__svg:first-of-type{flex-grow:0;flex-shrink:100}.elementor-widget-divider--element-align-left .elementor-divider-separator:before{content:none}.elementor-widget-divider--element-align-left .elementor-divider__element{margin-left:0}.elementor-widget-divider--element-align-right .elementor-divider .elementor-divider-separator>.elementor-divider__svg:last-of-type{flex-grow:0;flex-shrink:100}.elementor-widget-divider--element-align-right .elementor-divider-separator:after{content:none}.elementor-widget-divider--element-align-right .elementor-divider__element{margin-right:0}.elementor-widget-divider:not(.elementor-widget-divider--view-line_text):not(.elementor-widget-divider--view-line_icon) .elementor-divider-separator{border-top:var(--divider-border-width) var(--divider-border-style) var(--divider-color)}.elementor-widget-divider--separator-type-pattern{--divider-border-style:none}.elementor-widget-divider--separator-type-pattern.elementor-widget-divider--view-line .elementor-divider-separator,.elementor-widget-divider--separator-type-pattern:not(.elementor-widget-divider--view-line) .elementor-divider-separator:after,.elementor-widget-divider--separator-type-pattern:not(.elementor-widget-divider--view-line) .elementor-divider-separator:before,.elementor-widget-divider--separator-type-pattern:not([class*=elementor-widget-divider--view]) .elementor-divider-separator{width:100%;min-height:var(--divider-pattern-height);-webkit-mask-size:var(--divider-pattern-size) 100%;mask-size:var(--divider-pattern-size) 100%;-webkit-mask-repeat:var(--divider-pattern-repeat);mask-repeat:var(--divider-pattern-repeat);background-color:var(--divider-color);-webkit-mask-image:var(--divider-pattern-url);mask-image:var(--divider-pattern-url)}.elementor-widget-divider--no-spacing{--divider-pattern-size:auto}.elementor-widget-divider--bg-round{--divider-pattern-repeat:round}.rtl .elementor-widget-divider .elementor-divider__text{direction:rtl}.e-con-inner>.elementor-widget-divider,.e-con>.elementor-widget-divider{width:var(--container-widget-width,100%);--flex-grow:var(--container-widget-flex-grow)}<\/style>\t\t<div class=\"elementor-divider\">\n\t\t\t<span class=\"elementor-divider-separator\">\n\t\t\t\t\t\t<\/span>\n\t\t<\/div>\n\t\t\t\t<\/div>\n\t\t\t\t<\/div>\n\t\t\t\t<div class=\"elementor-element elementor-element-5586d04 elementor-widget elementor-widget-spacer\" data-id=\"5586d04\" data-element_type=\"widget\" data-widget_type=\"spacer.default\">\n\t\t\t\t<div class=\"elementor-widget-container\">\n\t\t\t<style>\/*! elementor - v3.14.0 - 26-06-2023 *\/\n.elementor-column .elementor-spacer-inner{height:var(--spacer-size)}.e-con{--container-widget-width:100%}.e-con-inner>.elementor-widget-spacer,.e-con>.elementor-widget-spacer{width:var(--container-widget-width,var(--spacer-size));--align-self:var(--container-widget-align-self,initial);--flex-shrink:0}.e-con-inner>.elementor-widget-spacer>.elementor-widget-container,.e-con-inner>.elementor-widget-spacer>.elementor-widget-container>.elementor-spacer,.e-con>.elementor-widget-spacer>.elementor-widget-container,.e-con>.elementor-widget-spacer>.elementor-widget-container>.elementor-spacer{height:100%}.e-con-inner>.elementor-widget-spacer>.elementor-widget-container>.elementor-spacer>.elementor-spacer-inner,.e-con>.elementor-widget-spacer>.elementor-widget-container>.elementor-spacer>.elementor-spacer-inner{height:var(--container-widget-height,var(--spacer-size))}<\/style>\t\t<div class=\"elementor-spacer\">\n\t\t\t<div class=\"elementor-spacer-inner\"><\/div>\n\t\t<\/div>\n\t\t\t\t<\/div>\n\t\t\t\t<\/div>\n\t\t\t\t<div class=\"elementor-element elementor-element-2102c98 elementor-widget elementor-widget-text-editor\" data-id=\"2102c98\" data-element_type=\"widget\" data-widget_type=\"text-editor.default\">\n\t\t\t\t<div class=\"elementor-widget-container\">\n\t\t\t<style>\/*! elementor - v3.14.0 - 26-06-2023 *\/\n.elementor-widget-text-editor.elementor-drop-cap-view-stacked .elementor-drop-cap{background-color:#69727d;color:#fff}.elementor-widget-text-editor.elementor-drop-cap-view-framed .elementor-drop-cap{color:#69727d;border:3px solid;background-color:transparent}.elementor-widget-text-editor:not(.elementor-drop-cap-view-default) .elementor-drop-cap{margin-top:8px}.elementor-widget-text-editor:not(.elementor-drop-cap-view-default) .elementor-drop-cap-letter{width:1em;height:1em}.elementor-widget-text-editor .elementor-drop-cap{float:left;text-align:center;line-height:1;font-size:50px}.elementor-widget-text-editor .elementor-drop-cap-letter{display:inline-block}<\/style>\t\t\t\t<p><strong>CRIPTA<\/strong><\/p><p>\u00a9 Toni Pi\u00f1era. 1991<\/p><p>Ya no solo en el ballet es necesario considerar el nombre de Rube\u0301n Rodri\u0301guez, tambie\u0301n la pla\u0301stica de hoy cuenta con un Rube\u0301n Rodri\u0301guez. Sus huellas no esta\u0301n en la escena, sino en la Galeri\u0301a Habana: pinturas que abordan lo que podri\u0301amos designar como \u201cpoesi\u0301a escatolo\u0301gica\u201d, creaciones que presentan las dimensiones impudorosas de la sexualidad, de la reproduccio\u0301n y otras funciones fisiolo\u0301gicas.<\/p><p>El ti\u0301tulo, CRIPTA, tiene evidentemente, la posibilidad de una doble lectura. La cripta, se sabe es la cueva con todas sus implicaciones de espacio y oscuridad, pero es tambie\u0301n el depo\u0301sito mortuorio donde se acaba o se transforma la vida. Arte, percepcio\u0301n entre tra\u0301gica e iro\u0301nica de la existencia y evidente desenfado tema\u0301tico se conjugan en la exposicio\u0301n que aqui\u0301 brevemente comentamos.<\/p><p>Hay que sen\u0303alar que en la factura de Rube\u0301n aparece su existencia visual en el trabajo de impresio\u0301n serigrafica el Taller Rene\u0301 Portocarrero. Es una succio\u0301n lo\u0301gica en un creador que aprovecha los recursos te\u0301cnicos de este medio, traslada\u0301ndolos al campo picto\u0301rico. Ruben pinta y pinta con buen oficio aquello que realmente siente, el modo de ver la realidad circundante, sus sensaciones ma\u0301s cotidianas e igualmente acciones humanas que casi siempre han quedado fuera de los temas considerados espirituales del arte.<\/p><p>Para hablar francamente, este artista situ\u0301a sus motivos entre visiones prohibidas por la moral tradicional y descarnadas alucinaciones de los diversos momentos del placer. Manchas que se superponen, transparencias y frotado del pincel, contornos que se definen y ocultan, apariencias fantasmales de una gestualidad solo contenida por los li\u0301mites de la imagen, a veces brutalismo suavizado por el tratamiento croma\u0301tico sirven como componentes de una estructura que se diversifica en el conjunto de las obras.<\/p><p>El uso de cuadros que se articulan entre si\u0301 como rompecabezas de secuencias que son en si\u0301 mismos tiempos de una accio\u0301n sugerida, nos ensen\u0303an y presentan un camino de creacio\u0301n que \u2013 gu\u0301stenos o no \u2013 se suma a la diversidad de posiciones arti\u0301sticas que esta\u0301n presentes en el panorama de la pla\u0301stica cubana.<\/p>\t\t\t\t\t\t<\/div>\n\t\t\t\t<\/div>\n\t\t\t\t<div class=\"elementor-element elementor-element-8a09f09 elementor-widget elementor-widget-spacer\" data-id=\"8a09f09\" data-element_type=\"widget\" data-widget_type=\"spacer.default\">\n\t\t\t\t<div class=\"elementor-widget-container\">\n\t\t\t\t\t<div class=\"elementor-spacer\">\n\t\t\t<div class=\"elementor-spacer-inner\"><\/div>\n\t\t<\/div>\n\t\t\t\t<\/div>\n\t\t\t\t<\/div>\n\t\t\t\t\t<\/div>\n\t\t<\/div>\n\t\t\t\t\t\t\t<\/div>\n\t\t<\/section>\n\t\t\t\t\t\t\t<\/div>\n\t\t","protected":false},"excerpt":{"rendered":"<p>CRIPTA \u00a9 Toni Pi\u00f1era. 1991 Ya no solo en el ballet es necesario considerar el nombre de Rube\u0301n Rodri\u0301guez, tambie\u0301n la pla\u0301stica de hoy cuenta con un Rube\u0301n Rodri\u0301guez. Sus huellas no esta\u0301n en la escena, sino en la Galeri\u0301a Habana: pinturas que abordan lo que podri\u0301amos designar como \u201cpoesi\u0301a escatolo\u0301gica\u201d, creaciones que presentan las [&hellip;]<\/p>\n","protected":false},"author":1,"featured_media":1163,"parent":0,"menu_order":0,"comment_status":"closed","ping_status":"closed","template":"","meta":{"_monsterinsights_skip_tracking":false,"_monsterinsights_sitenote_active":false,"_monsterinsights_sitenote_note":"","_monsterinsights_sitenote_category":0,"footnotes":""},"yoast_head":"<!-- This site is optimized with the Yoast SEO plugin v21.8 - https:\/\/yoast.com\/wordpress\/plugins\/seo\/ -->\n<title>Cripta - Ruben Rodriguez<\/title>\n<meta name=\"description\" content=\"Ya no solo en el ballet es necesario considerar el nombre de Rub\u00e9n Rodr\u00edguez, tambi\u00e9n la pl\u00e1stica de hoy cuenta con un Rub\u00e9n Rodr\u00edguez. Sus huellas no est\u00e1n en la escena, sino en la Galer\u00eda Habana...\" \/>\n<meta name=\"robots\" content=\"index, follow, max-snippet:-1, max-image-preview:large, max-video-preview:-1\" \/>\n<link rel=\"canonical\" href=\"https:\/\/rubenrodriguez.info\/index.php\/cripta\/\" \/>\n<meta property=\"og:locale\" content=\"en_US\" \/>\n<meta property=\"og:type\" content=\"article\" \/>\n<meta property=\"og:title\" content=\"Cripta - Ruben Rodriguez\" \/>\n<meta property=\"og:description\" content=\"Ya no solo en el ballet es necesario considerar el nombre de Rub\u00e9n Rodr\u00edguez, tambi\u00e9n la pl\u00e1stica de hoy cuenta con un Rub\u00e9n Rodr\u00edguez. Sus huellas no est\u00e1n en la escena, sino en la Galer\u00eda Habana...\" \/>\n<meta property=\"og:url\" content=\"https:\/\/rubenrodriguez.info\/index.php\/cripta\/\" \/>\n<meta property=\"og:site_name\" content=\"Ruben Rodriguez\" \/>\n<meta property=\"article:modified_time\" content=\"2023-06-29T08:52:45+00:00\" \/>\n<meta property=\"og:image\" content=\"http:\/\/rubenrodriguez.info\/wp-content\/uploads\/2023\/06\/ruben-rodriguez-cuban-artist-020.jpg\" \/>\n\t<meta property=\"og:image:width\" content=\"900\" \/>\n\t<meta property=\"og:image:height\" content=\"680\" \/>\n\t<meta property=\"og:image:type\" content=\"image\/jpeg\" \/>\n<meta name=\"twitter:card\" content=\"summary_large_image\" \/>\n<meta name=\"twitter:label1\" content=\"Est. reading time\" \/>\n\t<meta name=\"twitter:data1\" content=\"2 minutes\" \/>\n<script type=\"application\/ld+json\" class=\"yoast-schema-graph\">{\"@context\":\"https:\/\/schema.org\",\"@graph\":[{\"@type\":\"WebPage\",\"@id\":\"https:\/\/rubenrodriguez.info\/index.php\/cripta\/\",\"url\":\"https:\/\/rubenrodriguez.info\/index.php\/cripta\/\",\"name\":\"Cripta - Ruben Rodriguez\",\"isPartOf\":{\"@id\":\"https:\/\/rubenrodriguez.info\/#website\"},\"datePublished\":\"2023-06-29T08:50:50+00:00\",\"dateModified\":\"2023-06-29T08:52:45+00:00\",\"description\":\"Ya no solo en el ballet es necesario considerar el nombre de Rub\u00e9n Rodr\u00edguez, tambi\u00e9n la pl\u00e1stica de hoy cuenta con un Rub\u00e9n Rodr\u00edguez. Sus huellas no est\u00e1n en la escena, sino en la Galer\u00eda Habana...\",\"breadcrumb\":{\"@id\":\"https:\/\/rubenrodriguez.info\/index.php\/cripta\/#breadcrumb\"},\"inLanguage\":\"en-US\",\"potentialAction\":[{\"@type\":\"ReadAction\",\"target\":[\"https:\/\/rubenrodriguez.info\/index.php\/cripta\/\"]}]},{\"@type\":\"BreadcrumbList\",\"@id\":\"https:\/\/rubenrodriguez.info\/index.php\/cripta\/#breadcrumb\",\"itemListElement\":[{\"@type\":\"ListItem\",\"position\":1,\"name\":\"Home\",\"item\":\"https:\/\/rubenrodriguez.info\/\"},{\"@type\":\"ListItem\",\"position\":2,\"name\":\"Cripta\"}]},{\"@type\":\"WebSite\",\"@id\":\"https:\/\/rubenrodriguez.info\/#website\",\"url\":\"https:\/\/rubenrodriguez.info\/\",\"name\":\"Ruben Rodriguez\",\"description\":\"Cuban Visual Artist\",\"publisher\":{\"@id\":\"https:\/\/rubenrodriguez.info\/#organization\"},\"potentialAction\":[{\"@type\":\"SearchAction\",\"target\":{\"@type\":\"EntryPoint\",\"urlTemplate\":\"https:\/\/rubenrodriguez.info\/?s={search_term_string}\"},\"query-input\":\"required name=search_term_string\"}],\"inLanguage\":\"en-US\"},{\"@type\":\"Organization\",\"@id\":\"https:\/\/rubenrodriguez.info\/#organization\",\"name\":\"Ruben Rodriguez\",\"url\":\"https:\/\/rubenrodriguez.info\/\",\"logo\":{\"@type\":\"ImageObject\",\"inLanguage\":\"en-US\",\"@id\":\"https:\/\/rubenrodriguez.info\/#\/schema\/logo\/image\/\",\"url\":\"\",\"contentUrl\":\"\",\"caption\":\"Ruben Rodriguez\"},\"image\":{\"@id\":\"https:\/\/rubenrodriguez.info\/#\/schema\/logo\/image\/\"}}]}<\/script>\n<!-- \/ Yoast SEO plugin. -->","yoast_head_json":{"title":"Cripta - Ruben Rodriguez","description":"Ya no solo en el ballet es necesario considerar el nombre de Rub\u00e9n Rodr\u00edguez, tambi\u00e9n la pl\u00e1stica de hoy cuenta con un Rub\u00e9n Rodr\u00edguez. Sus huellas no est\u00e1n en la escena, sino en la Galer\u00eda Habana...","robots":{"index":"index","follow":"follow","max-snippet":"max-snippet:-1","max-image-preview":"max-image-preview:large","max-video-preview":"max-video-preview:-1"},"canonical":"https:\/\/rubenrodriguez.info\/index.php\/cripta\/","og_locale":"en_US","og_type":"article","og_title":"Cripta - Ruben Rodriguez","og_description":"Ya no solo en el ballet es necesario considerar el nombre de Rub\u00e9n Rodr\u00edguez, tambi\u00e9n la pl\u00e1stica de hoy cuenta con un Rub\u00e9n Rodr\u00edguez. Sus huellas no est\u00e1n en la escena, sino en la Galer\u00eda Habana...","og_url":"https:\/\/rubenrodriguez.info\/index.php\/cripta\/","og_site_name":"Ruben Rodriguez","article_modified_time":"2023-06-29T08:52:45+00:00","og_image":[{"width":900,"height":680,"url":"http:\/\/rubenrodriguez.info\/wp-content\/uploads\/2023\/06\/ruben-rodriguez-cuban-artist-020.jpg","type":"image\/jpeg"}],"twitter_card":"summary_large_image","twitter_misc":{"Est. reading time":"2 minutes"},"schema":{"@context":"https:\/\/schema.org","@graph":[{"@type":"WebPage","@id":"https:\/\/rubenrodriguez.info\/index.php\/cripta\/","url":"https:\/\/rubenrodriguez.info\/index.php\/cripta\/","name":"Cripta - Ruben Rodriguez","isPartOf":{"@id":"https:\/\/rubenrodriguez.info\/#website"},"datePublished":"2023-06-29T08:50:50+00:00","dateModified":"2023-06-29T08:52:45+00:00","description":"Ya no solo en el ballet es necesario considerar el nombre de Rub\u00e9n Rodr\u00edguez, tambi\u00e9n la pl\u00e1stica de hoy cuenta con un Rub\u00e9n Rodr\u00edguez. Sus huellas no est\u00e1n en la escena, sino en la Galer\u00eda Habana...","breadcrumb":{"@id":"https:\/\/rubenrodriguez.info\/index.php\/cripta\/#breadcrumb"},"inLanguage":"en-US","potentialAction":[{"@type":"ReadAction","target":["https:\/\/rubenrodriguez.info\/index.php\/cripta\/"]}]},{"@type":"BreadcrumbList","@id":"https:\/\/rubenrodriguez.info\/index.php\/cripta\/#breadcrumb","itemListElement":[{"@type":"ListItem","position":1,"name":"Home","item":"https:\/\/rubenrodriguez.info\/"},{"@type":"ListItem","position":2,"name":"Cripta"}]},{"@type":"WebSite","@id":"https:\/\/rubenrodriguez.info\/#website","url":"https:\/\/rubenrodriguez.info\/","name":"Ruben Rodriguez","description":"Cuban Visual Artist","publisher":{"@id":"https:\/\/rubenrodriguez.info\/#organization"},"potentialAction":[{"@type":"SearchAction","target":{"@type":"EntryPoint","urlTemplate":"https:\/\/rubenrodriguez.info\/?s={search_term_string}"},"query-input":"required name=search_term_string"}],"inLanguage":"en-US"},{"@type":"Organization","@id":"https:\/\/rubenrodriguez.info\/#organization","name":"Ruben Rodriguez","url":"https:\/\/rubenrodriguez.info\/","logo":{"@type":"ImageObject","inLanguage":"en-US","@id":"https:\/\/rubenrodriguez.info\/#\/schema\/logo\/image\/","url":"","contentUrl":"","caption":"Ruben Rodriguez"},"image":{"@id":"https:\/\/rubenrodriguez.info\/#\/schema\/logo\/image\/"}}]}},"acf":[],"_links":{"self":[{"href":"https:\/\/rubenrodriguez.info\/index.php\/wp-json\/wp\/v2\/pages\/1328"}],"collection":[{"href":"https:\/\/rubenrodriguez.info\/index.php\/wp-json\/wp\/v2\/pages"}],"about":[{"href":"https:\/\/rubenrodriguez.info\/index.php\/wp-json\/wp\/v2\/types\/page"}],"author":[{"embeddable":true,"href":"https:\/\/rubenrodriguez.info\/index.php\/wp-json\/wp\/v2\/users\/1"}],"replies":[{"embeddable":true,"href":"https:\/\/rubenrodriguez.info\/index.php\/wp-json\/wp\/v2\/comments?post=1328"}],"version-history":[{"count":4,"href":"https:\/\/rubenrodriguez.info\/index.php\/wp-json\/wp\/v2\/pages\/1328\/revisions"}],"predecessor-version":[{"id":1335,"href":"https:\/\/rubenrodriguez.info\/index.php\/wp-json\/wp\/v2\/pages\/1328\/revisions\/1335"}],"wp:featuredmedia":[{"embeddable":true,"href":"https:\/\/rubenrodriguez.info\/index.php\/wp-json\/wp\/v2\/media\/1163"}],"wp:attachment":[{"href":"https:\/\/rubenrodriguez.info\/index.php\/wp-json\/wp\/v2\/media?parent=1328"}],"curies":[{"name":"wp","href":"https:\/\/api.w.org\/{rel}","templated":true}]}}